{"id":7,"date":"2021-07-06T19:10:43","date_gmt":"2021-07-06T17:10:43","guid":{"rendered":"http:\/\/www.agentfootballclub.com\/?page_id=7"},"modified":"2021-07-10T12:16:11","modified_gmt":"2021-07-10T10:16:11","slug":"a-propos-de","status":"publish","type":"page","link":"https:\/\/www.agentfootballclub.com\/?page_id=7","title":{"rendered":"Les agents"},"content":{"rendered":"\n<p>De Paris \u00e0 Bamako en passant par Bordeaux et Toulouse, Jean-Pierre Carteau, Mohamadou Yatabar\u00e9 et Th\u00e9o Dislaire sont 3 agents sportifs licenci\u00e9s F.F.F. Issus de la promotion 2021 de l\u2019EAJF et de Pegas Academy, ils partagent avant tout la m\u00eame passion pour le ballon rond. <\/p>\n\n\n\n<p><strong><span style=\"text-decoration: underline;\">Jean-Pierre Carteau (Bordeaux et Set\u00fabal)<\/span><\/strong><\/p>\n\n\n\n<p>Sa passion pour le football, d\u00e9coule en partie de ses racines portugaises et de l\u2019\u00e9poque du &nbsp;\u00ab&nbsp;Grand Bordeaux&nbsp;\u00bb des ann\u00e9es 80.  Apr\u00e8s une carri\u00e8re de plus de 20 ans dans l\u2019h\u00f4tellerie, le tourisme et l\u2019\u00e9v\u00e9nementiel. En 2019, sous l\u2019impulsion d\u2019Arnaud, un ami d\u2019enfance, il d\u00e9cide de se r\u00e9orienter vers le milieu du football professionnel. En effet, Jean-Pierre Carteau passe les examens n\u00e9cessaires et obtient sa licence d\u2019agent sportif F.F.F en 2021. Fort de ses exp\u00e9riences pass\u00e9es, Jean-Pierre a \u00e0 c\u0153ur d\u2019accompagner au mieux ses clients afin de leur trouver le meilleur projet. <br><\/p>\n\n\n\n<p><strong><span style=\"text-decoration: underline;\">Mohamadou Yatabar\u00e9 (Paris et Bamako)<\/span><\/strong><\/p>\n\n\n\n<p>Ing\u00e9nieur et aussi fortement impliqu\u00e9 dans le milieu associatif, Mohamadou Yatabar\u00e9 a d\u00e9velopp\u00e9 un fort r\u00e9seau et une notori\u00e9t\u00e9 qui l&#8217;am\u00e8ne \u00e0 \u00eatre r\u00e9guli\u00e8rement sollicit\u00e9 pour des conseils professionnels, sportifs et \u00e9conomiques entre la France et l&#8217;Afrique. R\u00e9pondant ainsi \u00e0 une demande d\u00e9j\u00e0 ancienne de ses proches, ce quadrag\u00e9naire franco-malien originaire de l&#8217;Oise a profit\u00e9 du ralentissement de ses activit\u00e9s pendant la crise de la covid-19 pour d\u00e9gager le temps n\u00e9cessaire afin d&#8217;obtenir la licence d&#8217;agent sportif FFF. B\u00e9n\u00e9ficiant d\u00e9j\u00e0 dans sa famille de deux joueurs internationaux, Mohamadou Yatabar\u00e9 peut s&#8217;appuyer (outre ses connaissances personnelles) sur un r\u00e9seau familial solide pour aller de l&#8217;avant. <\/p>\n\n\n\n<p><strong><span style=\"text-decoration: underline;\">Th\u00e9o Dislaire (Toulouse)<\/span><\/strong><\/p>\n\n\n\n<p>Dipl\u00f4m\u00e9 en 2018 d\u2019un Master 2 en Gestion de Patrimoine et apr\u00e8s quelques ann\u00e9es pass\u00e9es dans le domaine de la banque et l\u2019immobilier, Th\u00e9o a d\u00e9cid\u00e9 de se tourner vers sa passion, le football, pour en faire son m\u00e9tier. D\u00e9j\u00e0 impliqu\u00e9 au sein du Toulouse Football Club en tant que membre de la cellule de recrutement de l\u2019acad\u00e9mie, mais aussi dans le district de la Haute-Garonne en tant que membre de la commission de discipline, il d\u00e9cide de passer la licence d\u2019agent sportif FFF qu\u2019il obtient en 2021. Fort de son cursus universitaire, de son exp\u00e9rience professionnelle mais aussi de son exp\u00e9rience du terrain, Th\u00e9o se donne pour mission d\u2019apporter \u00e0 ses joueurs une approche globale dans la gestion de leur carri\u00e8re, tant sur le plan sportif qu\u2019extra-sportif.\u00a0<\/p>\n","protected":false},"excerpt":{"rendered":"<p>De Paris \u00e0 Bamako en passant par Bordeaux et Toulouse, Jean-Pierre Carteau, Mohamadou Yatabar\u00e9 et Th\u00e9o Dislaire sont 3 agents sportifs licenci\u00e9s F.F.F. Issus de la promotion 2021 de l\u2019EAJF et de Pegas Academy, ils partagent avant tout la m\u00eame passion pour le ballon rond. Jean-Pierre Carteau (Bordeaux et Set\u00fabal) Sa passion pour le football, &hellip; <\/p>\n<p class=\"link-more\"><a href=\"https:\/\/www.agentfootballclub.com\/?page_id=7\" class=\"more-link\">Continue reading<span class=\"screen-reader-text\"> &#8220;Les agents&#8221;<\/span><\/a><\/p>\n","protected":false},"author":1,"featured_media":0,"parent":0,"menu_order":0,"comment_status":"closed","ping_status":"closed","template":"","meta":{"footnotes":""},"class_list":["post-7","page","type-page","status-publish","hentry"],"_links":{"self":[{"href":"https:\/\/www.agentfootballclub.com\/index.php?rest_route=\/wp\/v2\/pages\/7","targetHints":{"allow":["GET"]}}],"collection":[{"href":"https:\/\/www.agentfootballclub.com\/index.php?rest_route=\/wp\/v2\/pages"}],"about":[{"href":"https:\/\/www.agentfootballclub.com\/index.php?rest_route=\/wp\/v2\/types\/page"}],"author":[{"embeddable":true,"href":"https:\/\/www.agentfootballclub.com\/index.php?rest_route=\/wp\/v2\/users\/1"}],"replies":[{"embeddable":true,"href":"https:\/\/www.agentfootballclub.com\/index.php?rest_route=%2Fwp%2Fv2%2Fcomments&post=7"}],"version-history":[{"count":22,"href":"https:\/\/www.agentfootballclub.com\/index.php?rest_route=\/wp\/v2\/pages\/7\/revisions"}],"predecessor-version":[{"id":130,"href":"https:\/\/www.agentfootballclub.com\/index.php?rest_route=\/wp\/v2\/pages\/7\/revisions\/130"}],"wp:attachment":[{"href":"https:\/\/www.agentfootballclub.com\/index.php?rest_route=%2Fwp%2Fv2%2Fmedia&parent=7"}],"curies":[{"name":"wp","href":"https:\/\/api.w.org\/{rel}","templated":true}]}}